{"id":10711,"date":"2024-07-20T19:12:48","date_gmt":"2024-07-20T17:12:48","guid":{"rendered":"https:\/\/dolcar.auto.pl\/long-term-car-rental-in-warsaw\/"},"modified":"2025-12-05T11:35:36","modified_gmt":"2025-12-05T10:35:36","slug":"long-term-car-rental-in-warsaw","status":"publish","type":"page","link":"https:\/\/dolcar.auto.pl\/en\/long-term-car-rental-in-warsaw\/","title":{"rendered":"Long-term car rental in Warsaw"},"content":{"rendered":"<p>Dolcar \u2013 a professional car rental company in Warsaw \u2013 offers its customers the possibility of renting a vehicle in a long-term rental offer, placing great emphasis on the attractiveness of the prices of the services provided.<\/p>\n<h2><strong>What is long-term car rental?<\/strong><\/h2>\n<p>Long-term car rental is a solution for people who need a vehicle for a longer period of time \u2013 from 24 to 48 months. This flexible service can be a good solution if you cannot or do not want to decide on leasing a car or buying it in installments. Choose a car that suits your needs and use the vehicle conveniently, paying a monthly installment of a specified amount. Long-term rental will allow you to quickly expand your fleet \u2013 you define the time period, adjusting it to the challenges your company faces.<\/p>\n<h2><strong>Jakie korzy\u015bci oferuje d\u0142ugoterminowy wynajem aut w wypo\u017cyczalni Dolcar?<\/strong><\/h2>\n<p>Long-term car rental through our rental company eliminates the need to purchase a car, especially if the individual situation of the Client means the need to use the vehicle only within a designated time frame. Long-term car rental from Dolcar is a financially beneficial solution, thanks to which you can choose from a wide range of cars of different classes. The benefits of our long-term car rental service in Warsaw include:<\/p>\n<ul>\n<li>0% down payment and a guarantee of purchase and preparation of the car chosen by the Customer<\/li>\n<li>full damage settlement<\/li>\n<li>replacement car<\/li>\n<li>fixed monthly installments<\/li>\n<\/ul>\n<h2><strong>Long-term car rental for individuals<\/strong><\/h2>\n<p>Long-term car rental is not a solution reserved only for companies. Individual customers who value convenience and the lack of long-term binding transactions can also benefit from long-term car rental. Long-term car rental from Dolcar allows for systematic use of the car without the need to have a large sum of money at the start or the need to invest it in the purchase of the selected vehicle. The contract is flexible and covers a maximum of 4 years. In the event of any faults or damages, the long-term rental offer includes an insurance package and guarantees the issuance of a replacement car. Long-term rental is an extremely convenient and time-saving option, providing 100% mobility. Another advantage is that the long-term rental package guarantees the entire service or liquidation of possible damages. Therefore, you do not have to worry about breakdown repairs or post-accident service. Long-term car rental is a solution for private individuals who do not want or cannot decide to buy a car. Using the Dolcar offer gives them access to a diverse fleet of vehicles, while allowing them to match the car to their individual needs. In addition, long-term car rental allows you to replace the model you are currently using with another one after the end of the current contract period, and the availability of a replacement car used during a breakdown eliminates any potential problems with finding a new means of transport.<\/p>\n<h2><strong>Long-term car rental for companies<\/strong><\/h2>\n<p><strong>Long-term car rental<\/strong> is a great solution for companies that do not want to invest in their own fleet. Affordable rental prices allow you to equip any company with means of transport, without incurring one-off high costs related to the purchase of vehicles. Unchangeable and predictable fleet maintenance costs are a huge benefit for any company, allowing you to carefully plan your expenses for a longer period. Long-term car rental means reducing unnecessary formalities and the possibility of replacing vehicles more often than would happen in the case of buying a car yourself. Long-term car rental is an option that can be very beneficial for both small companies and large enterprises that want to build or develop an available fleet. Our long-term car rental meets the needs of our customers, which is why we have a diverse range of additional equipment. We are aware that in the daily functioning of a company, an efficient and comfortable car is very often of fundamental importance. Long-term car rental eliminates the need for one-off larger expenses for the purchase of a vehicle, and the customer can invest the unused money in other sectors of the company&#8217;s activity that require financial outlays. The long-term rental offer from Dolcar rental is also worth considering in a situation where the company plans to take out a bank loan in the near future &#8211; the monthly rental payment will not have a negative impact on creditworthiness, which is one of the most important parameters determining the bank&#8217;s positive credit decision.<\/p>\n<h2><strong>Long-term car rental with the option to purchase the vehicle<\/strong><\/h2>\n<p>By using Dolcar services, you gain not only the possibility of long-term rental of a selected car on favorable terms &#8211; after the end of the rental agreement, the Client can decide to buy the used vehicle after paying a specified amount. You make the final decision, adapting it to your own needs. An alternative to this solution is renting a new car.<\/p>\n<h2><strong>Business car servicing by the entrepreneur (purchase, credit, classic leasing)<\/strong><\/h2>\n<picture><source srcset=\"https:\/\/dolcar.auto.pl\/wp-content\/webp-express\/webp-images\/uploads\/2019\/04\/wykres1.png.webp 490w, https:\/\/dolcar.auto.pl\/wp-content\/webp-express\/webp-images\/uploads\/2019\/04\/wykres1-151x151.png.webp 151w, https:\/\/dolcar.auto.pl\/wp-content\/webp-express\/webp-images\/uploads\/2019\/04\/wykres1-110x110.png.webp 110w, https:\/\/dolcar.auto.pl\/wp-content\/webp-express\/webp-images\/uploads\/2019\/04\/wykres1-150x150.png.webp 150w, https:\/\/dolcar.auto.pl\/wp-content\/webp-express\/webp-images\/uploads\/2019\/04\/wykres1-300x300.png.webp 300w, https:\/\/dolcar.auto.pl\/wp-content\/webp-express\/webp-images\/uploads\/2019\/04\/wykres1-320x320.png.webp 320w, https:\/\/dolcar.auto.pl\/wp-content\/webp-express\/webp-images\/uploads\/2019\/04\/wykres1-169x169.png.webp 169w\" type=\"image\/webp\" sizes=\"(max-width: 490px) 100vw, 490px\" \/><img decoding=\"async\" class=\"aligncenter wp-image-175 size-full\" src=\"https:\/\/dolcar.auto.pl\/wp-content\/uploads\/2024\/07\/wykres1.png.webp\" alt=\"\" width=\"490\" height=\"490\" srcset=\"https:\/\/dolcar.auto.pl\/wp-content\/uploads\/2024\/07\/wykres1.png.webp 490w, https:\/\/dolcar.auto.pl\/wp-content\/uploads\/2024\/07\/wykres1.png-150x150.webp 150w, https:\/\/dolcar.auto.pl\/wp-content\/uploads\/2024\/07\/wykres1.png-300x300.webp 300w, https:\/\/dolcar.auto.pl\/wp-content\/uploads\/2024\/07\/wykres1.png-306x306.webp 306w, https:\/\/dolcar.auto.pl\/wp-content\/uploads\/2024\/07\/wykres1.png-100x100.webp 100w\" sizes=\"(max-width: 490px) 100vw, 490px\" \/><\/picture>\n<p>&nbsp;<\/p>\n<h2><strong>Service of company cars in long-term rental<\/strong><\/h2>\n<p>All activities related to servicing company cars are taken over by the long-term rental company. The entrepreneur saves time and money, so he can focus on his own business.<\/p>\n<picture><source srcset=\"https:\/\/dolcar.auto.pl\/wp-content\/webp-express\/webp-images\/uploads\/2019\/04\/wykres2.png.webp 490w, https:\/\/dolcar.auto.pl\/wp-content\/webp-express\/webp-images\/uploads\/2019\/04\/wykres2-151x151.png.webp 151w, https:\/\/dolcar.auto.pl\/wp-content\/webp-express\/webp-images\/uploads\/2019\/04\/wykres2-110x110.png.webp 110w, https:\/\/dolcar.auto.pl\/wp-content\/webp-express\/webp-images\/uploads\/2019\/04\/wykres2-150x150.png.webp 150w, https:\/\/dolcar.auto.pl\/wp-content\/webp-express\/webp-images\/uploads\/2019\/04\/wykres2-300x300.png.webp 300w, https:\/\/dolcar.auto.pl\/wp-content\/webp-express\/webp-images\/uploads\/2019\/04\/wykres2-320x320.png.webp 320w, https:\/\/dolcar.auto.pl\/wp-content\/webp-express\/webp-images\/uploads\/2019\/04\/wykres2-169x169.png.webp 169w\" type=\"image\/webp\" sizes=\"(max-width: 490px) 100vw, 490px\" \/><img decoding=\"async\" class=\"size-full wp-image-177 aligncenter\" src=\"https:\/\/dolcar.auto.pl\/wp-content\/uploads\/2024\/07\/wykres2.png.webp\" alt=\"\" width=\"490\" height=\"490\" srcset=\"https:\/\/dolcar.auto.pl\/wp-content\/uploads\/2024\/07\/wykres2.png.webp 490w, https:\/\/dolcar.auto.pl\/wp-content\/uploads\/2024\/07\/wykres2.png-150x150.webp 150w, https:\/\/dolcar.auto.pl\/wp-content\/uploads\/2024\/07\/wykres2.png-300x300.webp 300w, https:\/\/dolcar.auto.pl\/wp-content\/uploads\/2024\/07\/wykres2.png-306x306.webp 306w, https:\/\/dolcar.auto.pl\/wp-content\/uploads\/2024\/07\/wykres2.png-100x100.webp 100w\" sizes=\"(max-width: 490px) 100vw, 490px\" \/><\/picture>\n<p>&nbsp;<\/p>\n<h2><strong>Price list for long-term car rentals at Dolcar: how much does the vehicle rental service cost?<\/strong><\/h2>\n<p>The cost of long-term car rental depends, among other things, on the selected vehicle model and mileage limit. To learn about the price list for long-term car rental in Warsaw at Dolcar, contact us via email ( <a href=\"mailto:dolcar@dolcar.eu\">dolcar@dolcar.eu<\/a> ) or by phone at: +48 600 975 414. We will be happy to present you with a detailed offer and information on the price of long-term car rental and answer your questions. At the same time, we make every effort to ensure that the prices of long-term car rental are as competitive as possible. Understanding the needs of our customers, in addition to long-term rental, we also offer <a href=\"https:\/\/dolcar.auto.pl\/wynajem-srednioterminowy-samochodow\/\"><strong>medium-term car rental<\/strong><\/a> for a period of 1 to 24 months and, beneficial in the case of occasional needs for using a car, <a href=\"https:\/\/dolcar.auto.pl\/wynajem-krotkoterminowy-samochodow\/\"><strong>short-term car rental<\/strong><\/a> , possible in the time period of 1 to 30 days. Such a diverse range of services will allow you to adjust the rental period to your own needs.<\/p>\n","protected":false},"excerpt":{"rendered":"<p>Dolcar \u2013 a professional car rental company in Warsaw \u2013 offers its customers the possibility of renting a vehicle in a long-term rental offer, placing great emphasis on the attractiveness of the prices of the services provided. What is long-term car rental? Long-term car rental is a solution for people who need a vehicle for [&hellip;]<\/p>\n","protected":false},"author":1,"featured_media":17504,"parent":0,"menu_order":0,"comment_status":"closed","ping_status":"closed","template":"","meta":{"_acf_changed":false,"footnotes":""},"class_list":["post-10711","page","type-page","status-publish","has-post-thumbnail","hentry"],"acf":[],"_links":{"self":[{"href":"https:\/\/dolcar.auto.pl\/en\/wp-json\/wp\/v2\/pages\/10711","targetHints":{"allow":["GET"]}}],"collection":[{"href":"https:\/\/dolcar.auto.pl\/en\/wp-json\/wp\/v2\/pages"}],"about":[{"href":"https:\/\/dolcar.auto.pl\/en\/wp-json\/wp\/v2\/types\/page"}],"author":[{"embeddable":true,"href":"https:\/\/dolcar.auto.pl\/en\/wp-json\/wp\/v2\/users\/1"}],"replies":[{"embeddable":true,"href":"https:\/\/dolcar.auto.pl\/en\/wp-json\/wp\/v2\/comments?post=10711"}],"version-history":[{"count":1,"href":"https:\/\/dolcar.auto.pl\/en\/wp-json\/wp\/v2\/pages\/10711\/revisions"}],"predecessor-version":[{"id":17750,"href":"https:\/\/dolcar.auto.pl\/en\/wp-json\/wp\/v2\/pages\/10711\/revisions\/17750"}],"wp:featuredmedia":[{"embeddable":true,"href":"https:\/\/dolcar.auto.pl\/en\/wp-json\/wp\/v2\/media\/17504"}],"wp:attachment":[{"href":"https:\/\/dolcar.auto.pl\/en\/wp-json\/wp\/v2\/media?parent=10711"}],"curies":[{"name":"wp","href":"https:\/\/api.w.org\/{rel}","templated":true}]}}